{"id":43,"date":"2018-12-19T07:57:26","date_gmt":"2018-12-19T07:57:26","guid":{"rendered":"http:\/\/demo.ovathemes.com\/reon\/?page_id=43"},"modified":"2025-07-29T18:28:16","modified_gmt":"2025-07-29T16:28:16","slug":"about-us","status":"publish","type":"page","link":"https:\/\/mirazpoland.com\/index.php\/about-us\/","title":{"rendered":"O Firmie &#8211; PL"},"content":{"rendered":"\t\t<div data-elementor-type=\"wp-post\" data-elementor-id=\"43\" class=\"elementor elementor-43\">\n\t\t\t\t\t\t\t\t\t<section class=\"elementor-section elementor-top-section elementor-element elementor-element-eba3b6b elementor-section-full_width elementor-section-height-default elementor-section-height-default\" data-id=\"eba3b6b\" data-element_type=\"section\">\n\t\t\t\t\t\t<div class=\"elementor-container elementor-column-gap-default\">\n\t\t\t\t\t<div class=\"elementor-column elementor-col-100 elementor-top-column elementor-element elementor-element-c7b6679\" data-id=\"c7b6679\" data-element_type=\"column\">\n\t\t\t<div class=\"elementor-widget-wrap elementor-element-populated\">\n\t\t\t\t\t\t\t\t<div class=\"elementor-element elementor-element-b51b1a0 elementor-widget elementor-widget-ova_heading\" data-id=\"b51b1a0\" data-element_type=\"widget\" data-widget_type=\"ova_heading.default\">\n\t\t\t\t<div class=\"elementor-widget-container\">\n\t\t\t\t\t\t\t<section class=\"breadcrumb-menu-v2 breadcrumb-section section-box\" style=\"background-image: url(https:\/\/mirazpoland.com\/wp-content\/uploads\/2023\/10\/AdobeStock_374726059-scaled.jpeg)\">\n\t\t\t\t<div class=\"container\">\n\t\t\t\t\t<div class=\"breadcrumb-inner\">\n\t\t\t\t\t\t\t\t\t\t\t\t\t<h1>O Firmie<\/h1>\n\t\t\t\t\t\t\t\t\t\t\t\t\t\t\t\t\t\t\t<span class=\"breadcrumbs-text\">Chcieli\u015bmy przedstawi\u0107 Ci kr\u00f3tk\u0105 histori\u0119 naszej dzia\u0142alno\u015bci.<\/span>\n\t\t\t\t\t\t\t\t\t\t\t<\/div>\t\n\t\t\t\t<\/div>\n\t\t\t<\/section>\n\t\t\t\t\t<\/div>\n\t\t\t\t<\/div>\n\t\t\t\t\t<\/div>\n\t\t<\/div>\n\t\t\t\t\t\t\t<\/div>\n\t\t<\/section>\n\t\t\t\t<section class=\"elementor-section elementor-top-section elementor-element elementor-element-c29dafc elementor-section-boxed elementor-section-height-default elementor-section-height-default\" data-id=\"c29dafc\" data-element_type=\"section\" data-settings=\"{&quot;background_background&quot;:&quot;classic&quot;}\">\n\t\t\t\t\t\t<div class=\"elementor-container elementor-column-gap-default\">\n\t\t\t\t\t<div class=\"elementor-column elementor-col-100 elementor-top-column elementor-element elementor-element-6927f4e\" data-id=\"6927f4e\" data-element_type=\"column\">\n\t\t\t<div class=\"elementor-widget-wrap elementor-element-populated\">\n\t\t\t\t\t\t\t\t<div class=\"elementor-element elementor-element-36fa6aa elementor-widget elementor-widget-ova_heading\" data-id=\"36fa6aa\" data-element_type=\"widget\" data-widget_type=\"ova_heading.default\">\n\t\t\t\t<div class=\"elementor-widget-container\">\n\t\t\t\t\t\t\t\t<div class=\"ova-heading\">\n\t\t\t\t\t\t\t\t\t\t\t\t\t<h3 class=\"special-heading main-color three_font\">NASZA<\/h3>\n\t\t\t\t\t\t\t\t\t\t\t\t\t\t\t\t\t\t\t<h2 class=\"special-heading-1 second_font\">HISTORIA<\/h2>\n\t\t\t\t\t\t\t\t\t\t\t<\/div>\n\t\t\t\t\t\t<\/div>\n\t\t\t\t<\/div>\n\t\t\t\t<div class=\"elementor-element elementor-element-752894c elementor-widget elementor-widget-heading\" data-id=\"752894c\" data-element_type=\"widget\" data-widget_type=\"heading.default\">\n\t\t\t\t<div class=\"elementor-widget-container\">\n\t\t\t<style>\/*! elementor - v3.16.0 - 20-09-2023 *\/\n.elementor-heading-title{padding:0;margin:0;line-height:1}.elementor-widget-heading .elementor-heading-title[class*=elementor-size-]>a{color:inherit;font-size:inherit;line-height:inherit}.elementor-widget-heading .elementor-heading-title.elementor-size-small{font-size:15px}.elementor-widget-heading .elementor-heading-title.elementor-size-medium{font-size:19px}.elementor-widget-heading .elementor-heading-title.elementor-size-large{font-size:29px}.elementor-widget-heading .elementor-heading-title.elementor-size-xl{font-size:39px}.elementor-widget-heading .elementor-heading-title.elementor-size-xxl{font-size:59px}<\/style><h2 class=\"elementor-heading-title elementor-size-default\">Jeste\u015bmy rodzinn\u0105 firm\u0105 z ponad 20 letnim sta\u017cem, pocz\u0105tkowo zaopatruj\u0105c zak\u0142ady produkcyjne na po\u0142udniu polski, a z biegiem lat na terenie ca\u0142ego kraju oraz wykraczaj\u0105c poza jego granice.\n\nNasza dzia\u0142alno\u015b\u0107 koncentruje si\u0119 g\u0142\u00f3wnie na zaopatrzeniu zak\u0142ad\u00f3w przetw\u00f3rstwa spo\u017cywczego i dystrybucji surowc\u00f3w oraz dodatk\u00f3w u\u017cywanych w przemy\u015ble spo\u017cywczym. W naszym procesie wyboru dostawc\u00f3w stawiamy na renomowanych producent\u00f3w z solidn\u0105 pozycj\u0105 na \u015bwiatowych rynkach. Nasi dostawcy posiadaj\u0105 niezb\u0119dne certyfikaty, systemy kontroli jako\u015bci i sprawdzone zarz\u0105dzanie. Nasza wsp\u00f3\u0142praca z najlepszymi producentami gwarantuje terminowe dostawy oraz kompletn\u0105 dokumentacj\u0119. Jednak to, co naprawd\u0119 odr\u00f3\u017cnia nas od innych, to nasz profesjonalizm, zaanga\u017cowanie i uczciwo\u015b\u0107, co przek\u0142ada si\u0119 na poczucie bezpiecze\u0144stwa i d\u0142ugotrwa\u0142ego partnerstwa w biznesie.<\/h2>\t\t<\/div>\n\t\t\t\t<\/div>\n\t\t\t\t\t<\/div>\n\t\t<\/div>\n\t\t\t\t\t\t\t<\/div>\n\t\t<\/section>\n\t\t\t\t<section class=\"elementor-section elementor-top-section elementor-element elementor-element-be924eb elementor-section-boxed elementor-section-height-default elementor-section-height-default\" data-id=\"be924eb\" data-element_type=\"section\" data-settings=\"{&quot;background_background&quot;:&quot;classic&quot;}\">\n\t\t\t\t\t\t<div class=\"elementor-container elementor-column-gap-default\">\n\t\t\t\t\t<div class=\"elementor-column elementor-col-50 elementor-top-column elementor-element elementor-element-6be3b99 ova-video-min-height-400\" data-id=\"6be3b99\" data-element_type=\"column\">\n\t\t\t<div class=\"elementor-widget-wrap elementor-element-populated\">\n\t\t\t\t\t\t\t\t<div class=\"elementor-element elementor-element-1fcbcb3 elementor-widget elementor-widget-image\" data-id=\"1fcbcb3\" data-element_type=\"widget\" data-widget_type=\"image.default\">\n\t\t\t\t<div class=\"elementor-widget-container\">\n\t\t\t<style>\/*! elementor - v3.16.0 - 20-09-2023 *\/\n.elementor-widget-image{text-align:center}.elementor-widget-image a{display:inline-block}.elementor-widget-image a img[src$=\".svg\"]{width:48px}.elementor-widget-image img{vertical-align:middle;display:inline-block}<\/style>\t\t\t\t\t\t\t\t\t\t\t\t<img loading=\"lazy\" decoding=\"async\" width=\"1024\" height=\"683\" src=\"https:\/\/mirazpoland.com\/wp-content\/uploads\/2023\/10\/AdobeStock_544639983-1024x683.jpeg\" class=\"attachment-large size-large wp-image-2752\" alt=\"\" srcset=\"https:\/\/mirazpoland.com\/wp-content\/uploads\/2023\/10\/AdobeStock_544639983-1024x683.jpeg 1024w, https:\/\/mirazpoland.com\/wp-content\/uploads\/2023\/10\/AdobeStock_544639983-300x200.jpeg 300w, https:\/\/mirazpoland.com\/wp-content\/uploads\/2023\/10\/AdobeStock_544639983-768x512.jpeg 768w, https:\/\/mirazpoland.com\/wp-content\/uploads\/2023\/10\/AdobeStock_544639983-1536x1024.jpeg 1536w, https:\/\/mirazpoland.com\/wp-content\/uploads\/2023\/10\/AdobeStock_544639983-2048x1365.jpeg 2048w\" sizes=\"auto, (max-width: 1024px) 100vw, 1024px\" \/>\t\t\t\t\t\t\t\t\t\t\t\t\t\t\t<\/div>\n\t\t\t\t<\/div>\n\t\t\t\t\t<\/div>\n\t\t<\/div>\n\t\t\t\t<div class=\"elementor-column elementor-col-50 elementor-top-column elementor-element elementor-element-c56357f\" data-id=\"c56357f\" data-element_type=\"column\">\n\t\t\t<div class=\"elementor-widget-wrap elementor-element-populated\">\n\t\t\t\t\t\t\t\t<div class=\"elementor-element elementor-element-958a200 elementor-widget elementor-widget-ova_heading\" data-id=\"958a200\" data-element_type=\"widget\" data-widget_type=\"ova_heading.default\">\n\t\t\t\t<div class=\"elementor-widget-container\">\n\t\t\t\t\t\t\t\t<div class=\"ova-heading\">\n\t\t\t\t\t\t\t\t\t\t\t\t\t<h3 class=\"special-heading main-color three_font\">JESTE\u015aMY<\/h3>\n\t\t\t\t\t\t\t\t\t\t\t\t\t\t\t\t\t\t\t<h2 class=\"special-heading-1 second_font\">DLA WAS<\/h2>\n\t\t\t\t\t\t\t\t\t\t\t<\/div>\n\t\t\t\t\t\t<\/div>\n\t\t\t\t<\/div>\n\t\t\t\t<div class=\"elementor-element elementor-element-654d75d elementor-widget elementor-widget-heading\" data-id=\"654d75d\" data-element_type=\"widget\" data-widget_type=\"heading.default\">\n\t\t\t\t<div class=\"elementor-widget-container\">\n\t\t\t<h2 class=\"elementor-heading-title elementor-size-default\">Serdecznie zapraszamy firmy produkcyjne i handlowe do nawi\u0105zania wsp\u00f3\u0142pracy z nami. Nasza dedykowana kadra\u00a0 jest gotowa, aby przybli\u017cy\u0107 Ci szczeg\u00f3\u0142y naszej oferty i udzieli\u0107 odpowiedzi na wszelkie pytania.<\/h2>\t\t<\/div>\n\t\t\t\t<\/div>\n\t\t\t\t\t<\/div>\n\t\t<\/div>\n\t\t\t\t\t\t\t<\/div>\n\t\t<\/section>\n\t\t\t\t\t\t\t<\/div>\n\t\t","protected":false},"excerpt":{"rendered":"<p>O Firmie Chcieli\u015bmy przedstawi\u0107 Ci kr\u00f3tk\u0105 histori\u0119 naszej dzia\u0142alno\u015bci. NASZA HISTORIA Jeste\u015bmy rodzinn\u0105 firm\u0105 z ponad 20 letnim sta\u017cem, pocz\u0105tkowo zaopatruj\u0105c zak\u0142ady produkcyjne na po\u0142udniu polski, a z biegiem lat na terenie ca\u0142ego kraju oraz wykraczaj\u0105c poza jego granice. Nasza dzia\u0142alno\u015b\u0107 koncentruje si\u0119 g\u0142\u00f3wnie na zaopatrzeniu zak\u0142ad\u00f3w przetw\u00f3rstwa spo\u017cywczego i dystrybucji surowc\u00f3w oraz dodatk\u00f3w u\u017cywanych [&hellip;]<\/p>\n","protected":false},"author":2,"featured_media":0,"parent":0,"menu_order":0,"comment_status":"closed","ping_status":"closed","template":"elementor_header_footer","meta":{"footnotes":""},"class_list":["post-43","page","type-page","status-publish","hentry"],"_links":{"self":[{"href":"https:\/\/mirazpoland.com\/index.php\/wp-json\/wp\/v2\/pages\/43","targetHints":{"allow":["GET"]}}],"collection":[{"href":"https:\/\/mirazpoland.com\/index.php\/wp-json\/wp\/v2\/pages"}],"about":[{"href":"https:\/\/mirazpoland.com\/index.php\/wp-json\/wp\/v2\/types\/page"}],"author":[{"embeddable":true,"href":"https:\/\/mirazpoland.com\/index.php\/wp-json\/wp\/v2\/users\/2"}],"replies":[{"embeddable":true,"href":"https:\/\/mirazpoland.com\/index.php\/wp-json\/wp\/v2\/comments?post=43"}],"version-history":[{"count":34,"href":"https:\/\/mirazpoland.com\/index.php\/wp-json\/wp\/v2\/pages\/43\/revisions"}],"predecessor-version":[{"id":2958,"href":"https:\/\/mirazpoland.com\/index.php\/wp-json\/wp\/v2\/pages\/43\/revisions\/2958"}],"wp:attachment":[{"href":"https:\/\/mirazpoland.com\/index.php\/wp-json\/wp\/v2\/media?parent=43"}],"curies":[{"name":"wp","href":"https:\/\/api.w.org\/{rel}","templated":true}]}}